{"id":561,"date":"2025-10-14T18:13:59","date_gmt":"2025-10-14T16:13:59","guid":{"rendered":"https:\/\/productii.ro\/?post_type=product&#038;p=561"},"modified":"2025-11-14T19:13:37","modified_gmt":"2025-11-14T17:13:37","slug":"stand-expo-alma","status":"publish","type":"product","link":"https:\/\/productii.ro\/index.php\/product\/stand-expo-alma\/","title":{"rendered":"Stand Expo Alma"},"content":{"rendered":"<ul>\n<li>\n<div id=\"wd-5ea2c03537d08\" class=\"title-wrapper wd-wpb set-mb-s reset-last-child wd-title-color-default wd-title-style-default wd-width-100 text-left \">\n<div class=\"liner-continer\">\n<h4 class=\"woodmart-title-container title wd-font-weight- wd-fontsize-l\">STAND EXPO ALPHA<\/h4>\n<\/div>\n<div class=\"title-after_title set-cont-mb-s reset-last-child wd-fontsize-xs\">\n<div class=\"title-after_title set-cont-mb-s reset-last-child wd-fontsize-xs\">Stand pentru un spatiu expozitional 3 x 3 m compus din:<\/div>\n<div class=\"wpb_text_column wpb_content_element vc_custom_1599746755951\">\n<div class=\"wpb_wrapper\">\n<ul class=\"unordered-list\">\n<li><a href=\"https:\/\/www.formtex.ro\/pereti-textili\/perete-drept-2-m\">Perete drept, 2 x 2.3 m<\/a>\u00a0(L x h), personalizat 1 fa\u0163\u0103 \u2013 1 bucat\u0103<\/li>\n<li>3D Column 1 x 3 m\u00a0(L x h), personalizat\u0103 1 fa\u0163\u0103 \u2013 1 bucat\u0103<\/li>\n<li><a href=\"https:\/\/formtex.ro\/cumpara\/desk-drept-594\">Desk drept<\/a>\u00a0personalizat \u2013 1 bucat\u0103<\/li>\n<li><a href=\"https:\/\/formtex.ro\/cumpara\/semiarcada-611\">Semiarcad\u0103 personalizat\u0103<\/a>\u00a0fa\u0163\u0103 verso \u2013 1 bucat\u0103<br \/>\n* recomand\u0103m un ecran de maxim 20 kg, diagonala 50 \u2013 110 cm<\/li>\n<li><a href=\"https:\/\/formtex.ro\/catalog\/accesorii-80\">Accesorii FormTex<\/a>\u00a0\u2013 spoturi LED \u2013 2 buc\u0103\u0163i, stand bro\u015furi<\/li>\n<li>Contacteaz\u0103-ne pentru a discuta despre printurile din acest stand: 0744 70 20 70<\/li>\n<\/ul>\n<\/div>\n<\/div>\n<\/div>\n<\/div>\n<\/li>\n<\/ul>\n","protected":false},"excerpt":{"rendered":"<ul>\n<li><strong>U\u0219or si compact<\/strong>\u00a0\u2013 sistemele FormTex Click sunt usor de transportat si de depozitat, fiind concepute din materiale usoare: sistem din aluminiu si print textil<\/li>\n<li><strong>Modular \u0219i reutilizabil<\/strong>\u00a0&#8211; se poate refolosi inclusiv \u00een configura\u021bii diferite<\/li>\n<li><strong>Montaj facil si rapid<\/strong>\u00a0&#8211; instalarea \u0219i demontajul se fac rapid, f\u0103r\u0103 unelte<\/li>\n<li><strong>Op\u021biuni variate<\/strong>\u00a0&#8211; o multitudine de forme \u0219i accesorii pentru nevoi complexe<\/li>\n<li>Contacteaz\u0103-ne pentru a discuta despre printurile din acest stand: 0744 70 20 70<\/li>\n<\/ul>\n","protected":false},"featured_media":562,"template":"","meta":[],"product_brand":[],"product_cat":[27,28],"product_tag":[],"class_list":{"0":"post-561","1":"product","2":"type-product","3":"status-publish","4":"has-post-thumbnail","6":"product_cat-standuri-expozitionale","7":"product_cat-standuri-expozitionale-mici","9":"first","10":"instock","11":"shipping-taxable","12":"purchasable","13":"product-type-simple"},"_links":{"self":[{"href":"https:\/\/productii.ro\/index.php\/wp-json\/wp\/v2\/product\/561","targetHints":{"allow":["GET"]}}],"collection":[{"href":"https:\/\/productii.ro\/index.php\/wp-json\/wp\/v2\/product"}],"about":[{"href":"https:\/\/productii.ro\/index.php\/wp-json\/wp\/v2\/types\/product"}],"wp:featuredmedia":[{"embeddable":true,"href":"https:\/\/productii.ro\/index.php\/wp-json\/wp\/v2\/media\/562"}],"wp:attachment":[{"href":"https:\/\/productii.ro\/index.php\/wp-json\/wp\/v2\/media?parent=561"}],"wp:term":[{"taxonomy":"product_brand","embeddable":true,"href":"https:\/\/productii.ro\/index.php\/wp-json\/wp\/v2\/product_brand?post=561"},{"taxonomy":"product_cat","embeddable":true,"href":"https:\/\/productii.ro\/index.php\/wp-json\/wp\/v2\/product_cat?post=561"},{"taxonomy":"product_tag","embeddable":true,"href":"https:\/\/productii.ro\/index.php\/wp-json\/wp\/v2\/product_tag?post=561"}],"curies":[{"name":"wp","href":"https:\/\/api.w.org\/{rel}","templated":true}]}}