{"id":383,"date":"2025-07-21T00:22:42","date_gmt":"2025-07-20T22:22:42","guid":{"rendered":"https:\/\/productii.ro\/?post_type=product&#038;p=383"},"modified":"2025-11-25T12:35:18","modified_gmt":"2025-11-25T10:35:18","slug":"caseta-luminoasa","status":"publish","type":"product","link":"https:\/\/productii.ro\/index.php\/product\/caseta-luminoasa\/","title":{"rendered":"caseta luminoasa promotie test"},"content":{"rendered":"<div class=\"forminator-ui forminator-custom-form forminator-custom-form-656 forminator-design--default  forminator_ajax\" data-forminator-render=\"0\" data-form=\"forminator-module-656\" data-uid=\"69e4e38fc4787\"><br\/><\/div><form\n\t\t\t\tid=\"forminator-module-656\"\n\t\t\t\tclass=\"forminator-ui forminator-custom-form forminator-custom-form-656 forminator-design--default  forminator_ajax\"\n\t\t\t\tmethod=\"post\"\n\t\t\t\tdata-forminator-render=\"0\"\n\t\t\t\tdata-form-id=\"656\"\n\t\t\t\tenctype=\"multipart\/form-data\" data-color-option=\"theme\" data-design=\"default\" data-grid=\"open\" style=\"display: none;\"\n\t\t\t\tdata-uid=\"69e4e38fc4787\"\n\t\t\t><div role=\"alert\" aria-live=\"polite\" class=\"forminator-response-message forminator-error\" aria-hidden=\"true\"><\/div><div class=\"forminator-row\"><div id=\"upload-1\" class=\"forminator-field-upload forminator-col forminator-col-12 \"><div class=\"forminator-field\"><label for=\"forminator-field-upload-1_69e4e38fc4787\" id=\"forminator-field-upload-1_69e4e38fc4787-label\" class=\"forminator-label\">\u00cencarc\u0103 fi\u0219ierul de print pentru caseta luminoasa! <span class=\"forminator-required\">*<\/span><\/label><span id=\"forminator-field-upload-1_69e4e38fc4787-description\" class=\"forminator-description\">format 1\/1 sau 1\/10, *.pdf, cu foto la 300 DPI !<\/span><div class=\"forminator-file-upload \" data-element=\"upload-1_69e4e38fc4787\" aria-describedby=\"forminator-field-upload-1_69e4e38fc4787-description\"><input type=\"file\" name=\"upload-1\" id=\"forminator-field-upload-1_69e4e38fc4787\" class=\"forminator-input-file-required do-validate\" accept=\".avif,.heif,.heics,.heifs,.pdf,.zip\" tabindex=\"-1\"><button id=\"forminator-field-upload-1_69e4e38fc4787_button\" class=\"forminator-button forminator-button-upload\" data-id=\"forminator-field-upload-1_69e4e38fc4787\">Choose File<\/button><span data-empty-text=\"No file chosen\">No file chosen<\/span><button class=\"forminator-button-delete\" style=\"display: none;\"><i class=\"forminator-icon-close\" aria-hidden=\"true\"><\/i><span class=\"forminator-screen-reader-only\">Delete uploaded file<\/span><\/button><\/div><\/div><\/div><\/div><input type=\"hidden\" name=\"referer_url\" value=\"\" \/><div class=\"forminator-row forminator-row-last\"><div class=\"forminator-col\"><div class=\"forminator-field\"><button class=\"forminator-button forminator-button-submit\">&Icirc;ncarc\u0103!<\/button><\/div><\/div><\/div><input type=\"hidden\" id=\"forminator_nonce\" name=\"forminator_nonce\" value=\"d81178b52d\" \/><input type=\"hidden\" name=\"_wp_http_referer\" value=\"\/index.php\/wp-json\/wp\/v2\/product\/383\" \/><input type=\"hidden\" name=\"form_id\" value=\"656\"><input type=\"hidden\" name=\"page_id\" value=\"383\"><input type=\"hidden\" name=\"form_type\" value=\"default\"><input type=\"hidden\" name=\"current_url\" value=\"https:\/\/productii.ro\/index.php\/product\/caseta-luminoasa\/\"><input type=\"hidden\" name=\"render_id\" value=\"0\"><input type=\"hidden\" name=\"action\" value=\"forminator_submit_form_custom-forms\"><\/form>\n<p>Te rug\u0103m \u00eencearc\u0103 sa redenume\u0219ti fi\u0219ierul de print cu numele comenzii tale ca s\u0103 le putem asocia!<\/p>\n<p>Caset\u0103 luminoas\u0103 dubl\u0103 fa\u021b\u0103<br \/>\n&#8211; iluminare LED<br \/>\n&#8211; print pe suport plastic translucent<\/p>\n","protected":false},"excerpt":{"rendered":"<p>caset\u0103 dubla fa\u021b\u0103 (print inclus) &#8211;<\/p>\n<p>Te rog \u00eencarc\u0103 fi\u0219ierele de print \u00eenainte de ad\u0103ugarea \u00een co\u0219, pu\u021bin mai jos =&gt; !<\/p>\n","protected":false},"featured_media":384,"template":"","meta":[],"product_brand":[],"product_cat":[50],"product_tag":[],"class_list":{"0":"post-383","1":"product","2":"type-product","3":"status-publish","4":"has-post-thumbnail","6":"product_cat-casete-luminoase-portabile","8":"first","9":"instock","10":"shipping-taxable","11":"purchasable","12":"product-type-simple"},"_links":{"self":[{"href":"https:\/\/productii.ro\/index.php\/wp-json\/wp\/v2\/product\/383","targetHints":{"allow":["GET"]}}],"collection":[{"href":"https:\/\/productii.ro\/index.php\/wp-json\/wp\/v2\/product"}],"about":[{"href":"https:\/\/productii.ro\/index.php\/wp-json\/wp\/v2\/types\/product"}],"wp:featuredmedia":[{"embeddable":true,"href":"https:\/\/productii.ro\/index.php\/wp-json\/wp\/v2\/media\/384"}],"wp:attachment":[{"href":"https:\/\/productii.ro\/index.php\/wp-json\/wp\/v2\/media?parent=383"}],"wp:term":[{"taxonomy":"product_brand","embeddable":true,"href":"https:\/\/productii.ro\/index.php\/wp-json\/wp\/v2\/product_brand?post=383"},{"taxonomy":"product_cat","embeddable":true,"href":"https:\/\/productii.ro\/index.php\/wp-json\/wp\/v2\/product_cat?post=383"},{"taxonomy":"product_tag","embeddable":true,"href":"https:\/\/productii.ro\/index.php\/wp-json\/wp\/v2\/product_tag?post=383"}],"curies":[{"name":"wp","href":"https:\/\/api.w.org\/{rel}","templated":true}]}}