{"id":207,"date":"2025-05-18T14:19:51","date_gmt":"2025-05-18T14:19:51","guid":{"rendered":"https:\/\/productii.ro\/?post_type=product&#038;p=207"},"modified":"2025-11-26T16:51:05","modified_gmt":"2025-11-26T14:51:05","slug":"print-si-cutting-pe-contur-1x2m-1m2","status":"publish","type":"product","link":"https:\/\/productii.ro\/index.php\/product\/print-si-cutting-pe-contur-1x2m-1m2\/","title":{"rendered":"Print \u0219i cutting pe contur 1x1m, 1x2m sau 1x3m"},"content":{"rendered":"<p>&nbsp;<\/p>\n<div class=\"forminator-ui forminator-custom-form forminator-custom-form-212 forminator-design--material  forminator_ajax\" data-forminator-render=\"0\" data-form=\"forminator-module-212\" data-uid=\"69e4e3511a2e3\"><br\/><\/div><form\n\t\t\t\tid=\"forminator-module-212\"\n\t\t\t\tclass=\"forminator-ui forminator-custom-form forminator-custom-form-212 forminator-design--material  forminator_ajax\"\n\t\t\t\tmethod=\"post\"\n\t\t\t\tdata-forminator-render=\"0\"\n\t\t\t\tdata-form-id=\"212\"\n\t\t\t\tenctype=\"multipart\/form-data\" data-color-option=\"theme\" data-design=\"material\" data-grid=\"open\" style=\"display: none;\"\n\t\t\t\tdata-uid=\"69e4e3511a2e3\"\n\t\t\t><div role=\"alert\" aria-live=\"polite\" class=\"forminator-response-message forminator-error\" aria-hidden=\"true\"><\/div><div class=\"forminator-row\"><div id=\"upload-1\" class=\"forminator-field-upload forminator-col forminator-col-12 \"><div class=\"forminator-field\"><label for=\"forminator-field-upload-1_69e4e3511a2e3\" id=\"forminator-field-upload-1_69e4e3511a2e3-label\" class=\"forminator-label\">\u00cencarc\u0103 fi\u0219ierul\/fi\u0219ierele pentru print&amp;cutt !<\/label><span id=\"forminator-field-upload-1_69e4e3511a2e3-description\" class=\"forminator-description\">\/\/\/ Te rog \u00cencarc\u0103 fi\u0219ierul\/fi\u0219ierele \u00een format 1\/1, *.eps (cutting) *.pdf (print), cu foto la 300 DPI !<\/span><div class=\"forminator-multi-upload \" data-element=\"upload-1_69e4e3511a2e3\" aria-describedby=\"forminator-field-upload-1_69e4e3511a2e3-description\"><input type=\"file\" name=\"upload-1[]\" id=\"forminator-field-upload-1_69e4e3511a2e3\" class=\"forminator-input-file forminator-field-upload-1_69e4e3511a2e3-212\" multiple=\"multiple\" data-method=\"ajax\" accept=\".avif,.heif,.heics,.heifs,.pdf\" data-size=\"15000000\" data-size-message=\"Maximum file size allowed is 15 MB. \" data-filetype=\"avif|heif|heics|heifs|pdf\" data-filetype-message=\"file extension is not allowed.\"><div class=\"forminator-multi-upload-message\" aria-hidden=\"true\"><span class=\"forminator-icon-upload\" aria-hidden=\"true\"><\/span><p>Drag and Drop (or) <a class=\"forminator-upload-file--forminator-field-upload-1_69e4e3511a2e3\" href=\"#\" onclick=\"return false;\">Choose Files<\/a><\/p><\/div><\/div><ul class=\"forminator-uploaded-files upload-container-upload-1_69e4e3511a2e3\"><\/ul><\/div><\/div><\/div><input type=\"hidden\" name=\"referer_url\" value=\"\" \/><div class=\"forminator-row forminator-row-last\"><div class=\"forminator-col\"><div class=\"forminator-field\"><button class=\"forminator-button forminator-button-submit\"><span>&Icirc;ncarc\u0103!<\/span><span aria-hidden=\"true\"><\/span><\/button><\/div><\/div><\/div><input type=\"hidden\" id=\"forminator_nonce\" name=\"forminator_nonce\" value=\"e3f01fd91b\" \/><input type=\"hidden\" name=\"_wp_http_referer\" value=\"\/index.php\/wp-json\/wp\/v2\/product\/207\" \/><input type=\"hidden\" name=\"form_id\" value=\"212\"><input type=\"hidden\" name=\"page_id\" value=\"207\"><input type=\"hidden\" name=\"form_type\" value=\"default\"><input type=\"hidden\" name=\"current_url\" value=\"https:\/\/productii.ro\/index.php\/product\/print-si-cutting-pe-contur-1x2m-1m2\/\"><input type=\"hidden\" name=\"render_id\" value=\"0\"><input type=\"hidden\" name=\"forminator-multifile-hidden\" class=\"forminator-multifile-hidden\"><input type=\"hidden\" name=\"action\" value=\"forminator_submit_form_custom-forms\"><\/form>\n<p>* Fi\u0219ierul trebuie s\u0103 corespund\u0103 ca dimensiune de \u00eencadrare cu cel selectat de tine.<br \/>\nTe rugam redefineste fi\u0219ierul cu numele din comanda &#8211; ca s\u0103 o putem identifica.<\/p>\n<p>\u00cencadreaz\u0103 elementele tale \u00een suprafa\u021ba de 1m x 1m, 1m x 2m sau 1m x 3m, f\u0103-i o masc\u0103 de t\u0103iere \u0219i d\u0103-o \u00een execu\u021bie. (g\u0103se\u0219ti tutoriale pe <a href=\"https:\/\/www.youtube.com\/watch?v=kzeASChXEQs\">youtube<\/a>)<br \/>\nDup\u0103 \u00eenc\u0103rcarea machetei, noi o vom procesa, printa, t\u0103ia pe contur, apoi \u00eei vom aplica o folie de transfer \u0219i o trimitem la tine.<br \/>\nAt\u00e2t de simplu.<br \/>\nTrebuie doar sa ai grij\u0103 s\u0103 te incadrezi in 1m x 1m, 1m x 2m sau 1m x 3m \u0219i s\u0103 \u021bii cont c\u0103 trebuie sa la\u0219i \u0219i pu\u021bin spa\u021biu \u00eentre elemente.<br \/>\nMaterialul final trebuie sa fie in format *.eps \u0219i *.pdf pe layere la o rezolutie de 300 DPI sau elemente convertite la curbe.<\/p>\n","protected":false},"excerpt":{"rendered":"<p>Fi\u0219ierul trebuie s\u0103 corespund\u0103 la dimensiune de \u00eencadrare cu cel selectat de tine, pu\u021bin ai jos, pentru comand\u0103. Te rugam redefineste fi\u0219ierul cu numele din comanda &#8211; ca s\u0103 o putem identifica.<\/p>\n","protected":false},"featured_media":218,"template":"","meta":[],"product_brand":[],"product_cat":[47],"product_tag":[],"class_list":{"0":"post-207","1":"product","2":"type-product","3":"status-publish","4":"has-post-thumbnail","6":"product_cat-print-cutt-2","8":"first","9":"instock","10":"shipping-taxable","11":"purchasable","12":"product-type-variable"},"_links":{"self":[{"href":"https:\/\/productii.ro\/index.php\/wp-json\/wp\/v2\/product\/207","targetHints":{"allow":["GET"]}}],"collection":[{"href":"https:\/\/productii.ro\/index.php\/wp-json\/wp\/v2\/product"}],"about":[{"href":"https:\/\/productii.ro\/index.php\/wp-json\/wp\/v2\/types\/product"}],"wp:featuredmedia":[{"embeddable":true,"href":"https:\/\/productii.ro\/index.php\/wp-json\/wp\/v2\/media\/218"}],"wp:attachment":[{"href":"https:\/\/productii.ro\/index.php\/wp-json\/wp\/v2\/media?parent=207"}],"wp:term":[{"taxonomy":"product_brand","embeddable":true,"href":"https:\/\/productii.ro\/index.php\/wp-json\/wp\/v2\/product_brand?post=207"},{"taxonomy":"product_cat","embeddable":true,"href":"https:\/\/productii.ro\/index.php\/wp-json\/wp\/v2\/product_cat?post=207"},{"taxonomy":"product_tag","embeddable":true,"href":"https:\/\/productii.ro\/index.php\/wp-json\/wp\/v2\/product_tag?post=207"}],"curies":[{"name":"wp","href":"https:\/\/api.w.org\/{rel}","templated":true}]}}